{"id":2995,"date":"2023-07-17T08:25:55","date_gmt":"2023-07-17T08:25:55","guid":{"rendered":"https:\/\/www.chique.ba\/?page_id=2995"},"modified":"2026-04-03T14:15:26","modified_gmt":"2026-04-03T14:15:26","slug":"frizerski-studio","status":"publish","type":"page","link":"https:\/\/www.chique.ba\/en\/frizerski-studio\/","title":{"rendered":"Frizerski Studio"},"content":{"rendered":"<div data-elementor-type=\"wp-page\" data-elementor-id=\"2995\" class=\"elementor elementor-2995\">\n\t\t\t\t\t\t<section class=\"elementor-section elementor-top-section elementor-element elementor-element-24426ce8 elementor-section-full_width elementor-section-height-default elementor-section-height-default\" data-id=\"24426ce8\" data-element_type=\"section\" data-e-type=\"section\" data-settings=\"{&quot;background_background&quot;:&quot;classic&quot;}\">\n\t\t\t\t\t\t<div class=\"elementor-container elementor-column-gap-default\">\n\t\t\t\t\t<div class=\"elementor-column elementor-col-100 elementor-top-column elementor-element elementor-element-7cebc20e\" data-id=\"7cebc20e\" data-element_type=\"column\" data-e-type=\"column\">\n\t\t\t<div class=\"elementor-widget-wrap elementor-element-populated\">\n\t\t\t\t\t\t<div class=\"elementor-element elementor-element-1e34fa7c elementor-widget elementor-widget-heading\" data-id=\"1e34fa7c\" data-element_type=\"widget\" data-e-type=\"widget\" data-widget_type=\"heading.default\">\n\t\t\t\t<div class=\"elementor-widget-container\">\n\t\t\t\t\t<h2 class=\"elementor-heading-title elementor-size-default\">Frizerski Studio<\/h2>\t\t\t\t<\/div>\n\t\t\t\t<\/div>\n\t\t\t\t\t<\/div>\n\t\t<\/div>\n\t\t\t\t\t<\/div>\n\t\t<\/section>\n\t\t\t\t<section class=\"elementor-section elementor-top-section elementor-element elementor-element-546c9551 elementor-section-boxed elementor-section-height-default elementor-section-height-default\" data-id=\"546c9551\" data-element_type=\"section\" data-e-type=\"section\" data-settings=\"{&quot;background_background&quot;:&quot;gradient&quot;}\">\n\t\t\t\t\t\t<div class=\"elementor-container elementor-column-gap-default\">\n\t\t\t\t\t<div class=\"elementor-column elementor-col-100 elementor-top-column elementor-element elementor-element-3abab641\" data-id=\"3abab641\" data-element_type=\"column\" data-e-type=\"column\">\n\t\t\t<div class=\"elementor-widget-wrap elementor-element-populated\">\n\t\t\t\t\t\t<section class=\"elementor-section elementor-inner-section elementor-element elementor-element-7b4d02da elementor-section-boxed elementor-section-height-default elementor-section-height-default\" data-id=\"7b4d02da\" data-element_type=\"section\" data-e-type=\"section\">\n\t\t\t\t\t\t<div class=\"elementor-container elementor-column-gap-default\">\n\t\t\t\t\t<div class=\"elementor-column elementor-col-100 elementor-inner-column elementor-element elementor-element-622744d5\" data-id=\"622744d5\" data-element_type=\"column\" data-e-type=\"column\">\n\t\t\t<div class=\"elementor-widget-wrap elementor-element-populated\">\n\t\t\t\t\t\t<div class=\"elementor-element elementor-element-44b6eb87 elementor-widget elementor-widget-heading\" data-id=\"44b6eb87\" data-element_type=\"widget\" data-e-type=\"widget\" data-widget_type=\"heading.default\">\n\t\t\t\t<div class=\"elementor-widget-container\">\n\t\t\t\t\t<h3 class=\"elementor-heading-title elementor-size-default\">Hair Studio<\/h3>\t\t\t\t<\/div>\n\t\t\t\t<\/div>\n\t\t\t\t<div class=\"elementor-element elementor-element-2dbaaa8a elementor-widget elementor-widget-text-editor\" data-id=\"2dbaaa8a\" data-element_type=\"widget\" data-e-type=\"widget\" data-widget_type=\"text-editor.default\">\n\t\t\t\t<div class=\"elementor-widget-container\">\n\t\t\t\t\t\t\t\t\t<p>At CHIQUE Luxury Beauty Palace, hair becomes an expression of style, identity, and impeccable care.<\/p>\n<p>Our hair studio is designed as a space where advanced technique meets the art of styling. Every treatment begins with an individual approach \u2013 because we believe every hair type tells its own story and deserves personalized attention.<\/p>\n<p>Whether you choose a precision haircut, a flawless blow-dry, or sophisticated occasion styling, our team creates looks that radiate elegance and confidence. Coloring techniques such as balayage, highlights, and luxurious toning are performed with a focus on achieving natural, refined, and long-lasting results.<\/p>\n<p class=\"translation-block\">We work with the prestigious formulas of L\u2019Or\u00e9al Professionnel to ensure perfect color and durability, while elevating hair care through exclusive rituals by K\u00e9rastase. We especially highlight the personalized Fusio-Dose by K\u00e9rastase treatment \u2014 an intensive care ritual tailored to your hair\u2019s immediate needs, delivering visible and instant results.<\/p>\n<p>At CHIQUE, hair care is not a service \u2013 it is a ritual of luxury.<\/p><p class=\"p1\"><span class=\"s2\"><span lang=\"NL\">The result is not just a perfect hairstyle, but hair that radiates health, strength, and refinement.<o:p><\/o:p><\/span><\/span><\/p>\t\t\t\t\t\t\t\t<\/div>\n\t\t\t\t<\/div>\n\t\t\t\t<div class=\"elementor-element elementor-element-5147abe elementor-arrows-position-inside elementor-widget elementor-widget-image-carousel\" data-id=\"5147abe\" data-element_type=\"widget\" data-e-type=\"widget\" data-settings=\"{&quot;slides_to_show_mobile&quot;:&quot;1&quot;,&quot;navigation&quot;:&quot;arrows&quot;,&quot;autoplay&quot;:&quot;yes&quot;,&quot;pause_on_hover&quot;:&quot;yes&quot;,&quot;pause_on_interaction&quot;:&quot;yes&quot;,&quot;autoplay_speed&quot;:5000,&quot;infinite&quot;:&quot;yes&quot;,&quot;speed&quot;:500}\" data-widget_type=\"image-carousel.default\">\n\t\t\t\t<div class=\"elementor-widget-container\">\n\t\t\t\t\t\t\t<div class=\"elementor-image-carousel-wrapper swiper\" role=\"region\" aria-roledescription=\"carousel\" aria-label=\"Image Carousel\" dir=\"ltr\">\n\t\t\t<div class=\"elementor-image-carousel swiper-wrapper\" aria-live=\"off\">\n\t\t\t\t\t\t\t\t<div class=\"swiper-slide\" role=\"group\" aria-roledescription=\"slide\" aria-label=\"1 of 4\"><a data-elementor-open-lightbox=\"yes\" data-elementor-lightbox-slideshow=\"5147abe\" data-elementor-lightbox-title=\"IMG_0022\" data-e-action-hash=\"#elementor-action%3Aaction%3Dlightbox%26settings%3DeyJpZCI6MzM3NiwidXJsIjoiaHR0cHM6XC9cL3d3dy5jaGlxdWUuYmFcL3dwLWNvbnRlbnRcL3VwbG9hZHNcLzIwMjNcLzA4XC9JTUdfMDAyMi1zY2FsZWQtZTE2OTY1ODUyODExMjAuanBlZyIsInNsaWRlc2hvdyI6IjUxNDdhYmUifQ%3D%3D\" href=\"https:\/\/www.chique.ba\/wp-content\/uploads\/2023\/08\/IMG_0022-scaled-e1696585281120.jpeg\"><figure class=\"swiper-slide-inner\"><img decoding=\"async\" class=\"swiper-slide-image\" src=\"https:\/\/www.chique.ba\/wp-content\/uploads\/2023\/08\/IMG_0022-150x150.jpeg\" alt=\"IMG_0022\" \/><\/figure><\/a><\/div><div class=\"swiper-slide\" role=\"group\" aria-roledescription=\"slide\" aria-label=\"2 of 4\"><a data-elementor-open-lightbox=\"yes\" data-elementor-lightbox-slideshow=\"5147abe\" data-elementor-lightbox-title=\"IMG_0020\" data-e-action-hash=\"#elementor-action%3Aaction%3Dlightbox%26settings%3DeyJpZCI6MzM3NCwidXJsIjoiaHR0cHM6XC9cL3d3dy5jaGlxdWUuYmFcL3dwLWNvbnRlbnRcL3VwbG9hZHNcLzIwMjNcLzA4XC9JTUdfMDAyMC1zY2FsZWQtZTE2OTY1ODUzMDc4NzYuanBlZyIsInNsaWRlc2hvdyI6IjUxNDdhYmUifQ%3D%3D\" href=\"https:\/\/www.chique.ba\/wp-content\/uploads\/2023\/08\/IMG_0020-scaled-e1696585307876.jpeg\"><figure class=\"swiper-slide-inner\"><img decoding=\"async\" class=\"swiper-slide-image\" src=\"https:\/\/www.chique.ba\/wp-content\/uploads\/2023\/08\/IMG_0020-150x150.jpeg\" alt=\"IMG_0020\" \/><\/figure><\/a><\/div><div class=\"swiper-slide\" role=\"group\" aria-roledescription=\"slide\" aria-label=\"3 of 4\"><a data-elementor-open-lightbox=\"yes\" data-elementor-lightbox-slideshow=\"5147abe\" data-elementor-lightbox-title=\"Chique 1\" data-e-action-hash=\"#elementor-action%3Aaction%3Dlightbox%26settings%3DeyJpZCI6NDM2MywidXJsIjoiaHR0cHM6XC9cL3d3dy5jaGlxdWUuYmFcL3dwLWNvbnRlbnRcL3VwbG9hZHNcLzIwMjZcLzA0XC9DaGlxdWUtMS5qcGciLCJzbGlkZXNob3ciOiI1MTQ3YWJlIn0%3D\" href=\"https:\/\/www.chique.ba\/wp-content\/uploads\/2026\/04\/Chique-1.jpg\"><figure class=\"swiper-slide-inner\"><img decoding=\"async\" class=\"swiper-slide-image\" src=\"https:\/\/www.chique.ba\/wp-content\/uploads\/2026\/04\/Chique-1-150x150.jpg\" alt=\"Chique 1\" \/><\/figure><\/a><\/div><div class=\"swiper-slide\" role=\"group\" aria-roledescription=\"slide\" aria-label=\"4 of 4\"><a data-elementor-open-lightbox=\"yes\" data-elementor-lightbox-slideshow=\"5147abe\" data-elementor-lightbox-title=\"Chique\" data-e-action-hash=\"#elementor-action%3Aaction%3Dlightbox%26settings%3DeyJpZCI6NDM3MSwidXJsIjoiaHR0cHM6XC9cL3d3dy5jaGlxdWUuYmFcL3dwLWNvbnRlbnRcL3VwbG9hZHNcLzIwMjZcLzA0XC9DaGlxdWUuanBnIiwic2xpZGVzaG93IjoiNTE0N2FiZSJ9\" href=\"https:\/\/www.chique.ba\/wp-content\/uploads\/2026\/04\/Chique.jpg\"><figure class=\"swiper-slide-inner\"><img decoding=\"async\" class=\"swiper-slide-image\" src=\"https:\/\/www.chique.ba\/wp-content\/uploads\/2026\/04\/Chique-150x150.jpg\" alt=\"Chique\" \/><\/figure><\/a><\/div>\t\t\t<\/div>\n\t\t\t\t\t\t\t\t\t\t\t\t<div class=\"elementor-swiper-button elementor-swiper-button-prev\" role=\"button\" tabindex=\"0\">\n\t\t\t\t\t\t<i aria-hidden=\"true\" class=\"eicon-chevron-left\"><\/i>\t\t\t\t\t<\/div>\n\t\t\t\t\t<div class=\"elementor-swiper-button elementor-swiper-button-next\" role=\"button\" tabindex=\"0\">\n\t\t\t\t\t\t<i aria-hidden=\"true\" class=\"eicon-chevron-right\"><\/i>\t\t\t\t\t<\/div>\n\t\t\t\t\n\t\t\t\t\t\t\t\t\t<\/div>\n\t\t\t\t\t\t<\/div>\n\t\t\t\t<\/div>\n\t\t\t\t\t<\/div>\n\t\t<\/div>\n\t\t\t\t\t<\/div>\n\t\t<\/section>\n\t\t\t\t\t<\/div>\n\t\t<\/div>\n\t\t\t\t\t<\/div>\n\t\t<\/section>\n\t\t\t\t<section class=\"elementor-section elementor-top-section elementor-element elementor-element-3282e3b7 elementor-section-full_width elementor-section-height-default elementor-section-height-default\" data-id=\"3282e3b7\" data-element_type=\"section\" data-e-type=\"section\" data-settings=\"{&quot;background_background&quot;:&quot;classic&quot;}\">\n\t\t\t\t\t\t\t<div class=\"elementor-background-overlay\"><\/div>\n\t\t\t\t\t\t\t<div class=\"elementor-container elementor-column-gap-default\">\n\t\t\t\t\t<div class=\"elementor-column elementor-col-100 elementor-top-column elementor-element elementor-element-d3445a8\" data-id=\"d3445a8\" data-element_type=\"column\" data-e-type=\"column\">\n\t\t\t<div class=\"elementor-widget-wrap elementor-element-populated\">\n\t\t\t\t\t\t<div class=\"elementor-element elementor-element-1c403b85 elementor-widget elementor-widget-image\" data-id=\"1c403b85\" data-element_type=\"widget\" data-e-type=\"widget\" data-widget_type=\"image.default\">\n\t\t\t\t<div class=\"elementor-widget-container\">\n\t\t\t\t\t\t\t\t\t\t\t\t\t\t\t<img fetchpriority=\"high\" decoding=\"async\" width=\"768\" height=\"432\" src=\"https:\/\/www.chique.ba\/wp-content\/uploads\/2023\/02\/CHIQUE-TRANSPARENT-01-768x432.png\" class=\"attachment-medium_large size-medium_large wp-image-2195\" alt=\"CHIQUE LOGO\" srcset=\"https:\/\/www.chique.ba\/wp-content\/uploads\/2023\/02\/CHIQUE-TRANSPARENT-01-768x432.png 768w, https:\/\/www.chique.ba\/wp-content\/uploads\/2023\/02\/CHIQUE-TRANSPARENT-01-300x169.png 300w, https:\/\/www.chique.ba\/wp-content\/uploads\/2023\/02\/CHIQUE-TRANSPARENT-01-1024x576.png 1024w, https:\/\/www.chique.ba\/wp-content\/uploads\/2023\/02\/CHIQUE-TRANSPARENT-01-1536x864.png 1536w, https:\/\/www.chique.ba\/wp-content\/uploads\/2023\/02\/CHIQUE-TRANSPARENT-01-2048x1152.png 2048w\" sizes=\"(max-width: 768px) 100vw, 768px\" \/>\t\t\t\t\t\t\t\t\t\t\t\t\t\t\t<\/div>\n\t\t\t\t<\/div>\n\t\t\t\t<div class=\"elementor-element elementor-element-7271accb elementor-widget elementor-widget-heading\" data-id=\"7271accb\" data-element_type=\"widget\" data-e-type=\"widget\" data-widget_type=\"heading.default\">\n\t\t\t\t<div class=\"elementor-widget-container\">\n\t\t\t\t\t<h4 class=\"elementor-heading-title elementor-size-default\">MEPAS MALL, 5 FLOOR, 88 000 MOSTAR<\/h4>\t\t\t\t<\/div>\n\t\t\t\t<\/div>\n\t\t\t\t<section class=\"elementor-section elementor-inner-section elementor-element elementor-element-282c8a47 elementor-section-boxed elementor-section-height-default elementor-section-height-default\" data-id=\"282c8a47\" data-element_type=\"section\" data-e-type=\"section\">\n\t\t\t\t\t\t<div class=\"elementor-container elementor-column-gap-default\">\n\t\t\t\t\t<div class=\"elementor-column elementor-col-50 elementor-inner-column elementor-element elementor-element-3aa9638b\" data-id=\"3aa9638b\" data-element_type=\"column\" data-e-type=\"column\">\n\t\t\t<div class=\"elementor-widget-wrap elementor-element-populated\">\n\t\t\t\t\t\t<div class=\"elementor-element elementor-element-4f8477ec elementor-view-default elementor-widget elementor-widget-icon\" data-id=\"4f8477ec\" data-element_type=\"widget\" data-e-type=\"widget\" data-widget_type=\"icon.default\">\n\t\t\t\t<div class=\"elementor-widget-container\">\n\t\t\t\t\t\t\t<div class=\"elementor-icon-wrapper\">\n\t\t\t<a class=\"elementor-icon\" href=\"https:\/\/www.instagram.com\/chiquemostar\/\" target=\"_blank\">\n\t\t\t<i aria-hidden=\"true\" class=\"fab fa-instagram\"><\/i>\t\t\t<\/a>\n\t\t<\/div>\n\t\t\t\t\t\t<\/div>\n\t\t\t\t<\/div>\n\t\t\t\t\t<\/div>\n\t\t<\/div>\n\t\t\t\t<div class=\"elementor-column elementor-col-50 elementor-inner-column elementor-element elementor-element-3f0466cc\" data-id=\"3f0466cc\" data-element_type=\"column\" data-e-type=\"column\">\n\t\t\t<div class=\"elementor-widget-wrap elementor-element-populated\">\n\t\t\t\t\t\t<div class=\"elementor-element elementor-element-7a468ece elementor-view-default elementor-widget elementor-widget-icon\" data-id=\"7a468ece\" data-element_type=\"widget\" data-e-type=\"widget\" data-widget_type=\"icon.default\">\n\t\t\t\t<div class=\"elementor-widget-container\">\n\t\t\t\t\t\t\t<div class=\"elementor-icon-wrapper\">\n\t\t\t<a class=\"elementor-icon\" href=\"https:\/\/www.facebook.com\/profile.php?id=100089347494296\" target=\"_blank\">\n\t\t\t<i aria-hidden=\"true\" class=\"fab fa-facebook\"><\/i>\t\t\t<\/a>\n\t\t<\/div>\n\t\t\t\t\t\t<\/div>\n\t\t\t\t<\/div>\n\t\t\t\t\t<\/div>\n\t\t<\/div>\n\t\t\t\t\t<\/div>\n\t\t<\/section>\n\t\t\t\t\t<\/div>\n\t\t<\/div>\n\t\t\t\t\t<\/div>\n\t\t<\/section>\n\t\t\t\t<\/div>","protected":false},"excerpt":{"rendered":"<p>Frizerski Studio Frizerski studio U CHIQUE Luxury Beauty Palace, kosa postaje izraz stila, identiteta i besprijekorne njege. Na\u0161 frizerski studio osmi\u0161ljen je kao prostor gdje se vrhunska tehnika susre\u0107e s umjetno\u0161\u0107u oblikovanja. Svaki tretman zapo\u010dinje individualnim pristupom \u2013 jer vjerujemo da svaka kosa nosi svoju pri\u010du i zahtijeva personaliziranu pa\u017enju. Bilo da birate precizno \u0161i\u0161anje, [&hellip;]<\/p>\n","protected":false},"author":1,"featured_media":0,"parent":0,"menu_order":0,"comment_status":"closed","ping_status":"closed","template":"","meta":{"site-sidebar-layout":"no-sidebar","site-content-layout":"page-builder","ast-site-content-layout":"full-width-container","site-content-style":"unboxed","site-sidebar-style":"unboxed","ast-global-header-display":"","ast-banner-title-visibility":"","ast-main-header-display":"","ast-hfb-above-header-display":"","ast-hfb-below-header-display":"","ast-hfb-mobile-header-display":"","site-post-title":"disabled","ast-breadcrumbs-content":"","ast-featured-img":"disabled","footer-sml-layout":"","ast-disable-related-posts":"","theme-transparent-header-meta":"","adv-header-id-meta":"","stick-header-meta":"","header-above-stick-meta":"","header-main-stick-meta":"","header-below-stick-meta":"","astra-migrate-meta-layouts":"set","ast-page-background-enabled":"default","ast-page-background-meta":{"desktop":{"background-color":"","background-image":"","background-repeat":"repeat","background-position":"center center","background-size":"auto","background-attachment":"scroll","background-type":"","background-media":"","overlay-type":"","overlay-color":"","overlay-opacity":"","overlay-gradient":""},"tablet":{"background-color":"","background-image":"","background-repeat":"repeat","background-position":"center center","background-size":"auto","background-attachment":"scroll","background-type":"","background-media":"","overlay-type":"","overlay-color":"","overlay-opacity":"","overlay-gradient":""},"mobile":{"background-color":"","background-image":"","background-repeat":"repeat","background-position":"center center","background-size":"auto","background-attachment":"scroll","background-type":"","background-media":"","overlay-type":"","overlay-color":"","overlay-opacity":"","overlay-gradient":""}},"ast-content-background-meta":{"desktop":{"background-color":"var(--ast-global-color-5)","background-image":"","background-repeat":"repeat","background-position":"center center","background-size":"auto","background-attachment":"scroll","background-type":"","background-media":"","overlay-type":"","overlay-color":"","overlay-opacity":"","overlay-gradient":""},"tablet":{"background-color":"var(--ast-global-color-5)","background-image":"","background-repeat":"repeat","background-position":"center center","background-size":"auto","background-attachment":"scroll","background-type":"","background-media":"","overlay-type":"","overlay-color":"","overlay-opacity":"","overlay-gradient":""},"mobile":{"background-color":"var(--ast-global-color-5)","background-image":"","background-repeat":"repeat","background-position":"center center","background-size":"auto","background-attachment":"scroll","background-type":"","background-media":"","overlay-type":"","overlay-color":"","overlay-opacity":"","overlay-gradient":""}},"footnotes":""},"class_list":["post-2995","page","type-page","status-publish","hentry"],"yoast_head":"<!-- This site is optimized with the Yoast SEO plugin v27.1.1 - https:\/\/yoast.com\/product\/yoast-seo-wordpress\/ -->\n<title>Frizerski Studio - Chique<\/title>\n<meta name=\"robots\" content=\"index, follow, max-snippet:-1, max-image-preview:large, max-video-preview:-1\" \/>\n<link rel=\"canonical\" href=\"https:\/\/www.chique.ba\/en\/frizerski-studio\/\" \/>\n<meta property=\"og:locale\" content=\"en_US\" \/>\n<meta property=\"og:type\" content=\"article\" \/>\n<meta property=\"og:title\" content=\"Frizerski Studio - Chique\" \/>\n<meta property=\"og:description\" content=\"Frizerski Studio Frizerski studio U CHIQUE Luxury Beauty Palace, kosa postaje izraz stila, identiteta i besprijekorne njege. Na\u0161 frizerski studio osmi\u0161ljen je kao prostor gdje se vrhunska tehnika susre\u0107e s umjetno\u0161\u0107u oblikovanja. Svaki tretman zapo\u010dinje individualnim pristupom \u2013 jer vjerujemo da svaka kosa nosi svoju pri\u010du i zahtijeva personaliziranu pa\u017enju. Bilo da birate precizno \u0161i\u0161anje, [&hellip;]\" \/>\n<meta property=\"og:url\" content=\"https:\/\/www.chique.ba\/en\/frizerski-studio\/\" \/>\n<meta property=\"og:site_name\" content=\"Chique\" \/>\n<meta property=\"article:modified_time\" content=\"2026-04-03T14:15:26+00:00\" \/>\n<meta property=\"og:image\" content=\"https:\/\/www.chique.ba\/wp-content\/uploads\/2023\/08\/IMG_0022-150x150.jpeg\" \/>\n<meta name=\"twitter:card\" content=\"summary_large_image\" \/>\n<meta name=\"twitter:label1\" content=\"Est. reading time\" \/>\n\t<meta name=\"twitter:data1\" content=\"3 minutes\" \/>\n<script type=\"application\/ld+json\" class=\"yoast-schema-graph\">{\"@context\":\"https:\/\/schema.org\",\"@graph\":[{\"@type\":\"WebPage\",\"@id\":\"https:\/\/www.chique.ba\/frizerski-studio\/\",\"url\":\"https:\/\/www.chique.ba\/frizerski-studio\/\",\"name\":\"Frizerski Studio - Chique\",\"isPartOf\":{\"@id\":\"https:\/\/www.chique.ba\/#website\"},\"primaryImageOfPage\":{\"@id\":\"https:\/\/www.chique.ba\/frizerski-studio\/#primaryimage\"},\"image\":{\"@id\":\"https:\/\/www.chique.ba\/frizerski-studio\/#primaryimage\"},\"thumbnailUrl\":\"https:\/\/www.chique.ba\/wp-content\/uploads\/2023\/08\/IMG_0022-150x150.jpeg\",\"datePublished\":\"2023-07-17T08:25:55+00:00\",\"dateModified\":\"2026-04-03T14:15:26+00:00\",\"breadcrumb\":{\"@id\":\"https:\/\/www.chique.ba\/frizerski-studio\/#breadcrumb\"},\"inLanguage\":\"en-US\",\"potentialAction\":[{\"@type\":\"ReadAction\",\"target\":[\"https:\/\/www.chique.ba\/frizerski-studio\/\"]}]},{\"@type\":\"ImageObject\",\"inLanguage\":\"en-US\",\"@id\":\"https:\/\/www.chique.ba\/frizerski-studio\/#primaryimage\",\"url\":\"https:\/\/www.chique.ba\/wp-content\/uploads\/2023\/08\/IMG_0022-150x150.jpeg\",\"contentUrl\":\"https:\/\/www.chique.ba\/wp-content\/uploads\/2023\/08\/IMG_0022-150x150.jpeg\"},{\"@type\":\"BreadcrumbList\",\"@id\":\"https:\/\/www.chique.ba\/frizerski-studio\/#breadcrumb\",\"itemListElement\":[{\"@type\":\"ListItem\",\"position\":1,\"name\":\"Home\",\"item\":\"https:\/\/www.chique.ba\/\"},{\"@type\":\"ListItem\",\"position\":2,\"name\":\"Frizerski Studio\"}]},{\"@type\":\"WebSite\",\"@id\":\"https:\/\/www.chique.ba\/#website\",\"url\":\"https:\/\/www.chique.ba\/\",\"name\":\"Chique\",\"description\":\"\",\"publisher\":{\"@id\":\"https:\/\/www.chique.ba\/#organization\"},\"potentialAction\":[{\"@type\":\"SearchAction\",\"target\":{\"@type\":\"EntryPoint\",\"urlTemplate\":\"https:\/\/www.chique.ba\/?s={search_term_string}\"},\"query-input\":{\"@type\":\"PropertyValueSpecification\",\"valueRequired\":true,\"valueName\":\"search_term_string\"}}],\"inLanguage\":\"en-US\"},{\"@type\":\"Organization\",\"@id\":\"https:\/\/www.chique.ba\/#organization\",\"name\":\"Chique\",\"url\":\"https:\/\/www.chique.ba\/\",\"logo\":{\"@type\":\"ImageObject\",\"inLanguage\":\"en-US\",\"@id\":\"https:\/\/www.chique.ba\/#\/schema\/logo\/image\/\",\"url\":\"https:\/\/www.chique.ba\/wp-content\/uploads\/2023\/02\/cropped-CHIQUE-TRANSPARENT-01.png\",\"contentUrl\":\"https:\/\/www.chique.ba\/wp-content\/uploads\/2023\/02\/cropped-CHIQUE-TRANSPARENT-01.png\",\"width\":5333,\"height\":2063,\"caption\":\"Chique\"},\"image\":{\"@id\":\"https:\/\/www.chique.ba\/#\/schema\/logo\/image\/\"}}]}<\/script>\n<!-- \/ Yoast SEO plugin. -->","yoast_head_json":{"title":"Frizerski Studio - Chique","robots":{"index":"index","follow":"follow","max-snippet":"max-snippet:-1","max-image-preview":"max-image-preview:large","max-video-preview":"max-video-preview:-1"},"canonical":"https:\/\/www.chique.ba\/en\/frizerski-studio\/","og_locale":"en_US","og_type":"article","og_title":"Frizerski Studio - Chique","og_description":"Frizerski Studio Frizerski studio U CHIQUE Luxury Beauty Palace, kosa postaje izraz stila, identiteta i besprijekorne njege. Na\u0161 frizerski studio osmi\u0161ljen je kao prostor gdje se vrhunska tehnika susre\u0107e s umjetno\u0161\u0107u oblikovanja. Svaki tretman zapo\u010dinje individualnim pristupom \u2013 jer vjerujemo da svaka kosa nosi svoju pri\u010du i zahtijeva personaliziranu pa\u017enju. Bilo da birate precizno \u0161i\u0161anje, [&hellip;]","og_url":"https:\/\/www.chique.ba\/en\/frizerski-studio\/","og_site_name":"Chique","article_modified_time":"2026-04-03T14:15:26+00:00","og_image":[{"url":"https:\/\/www.chique.ba\/wp-content\/uploads\/2023\/08\/IMG_0022-150x150.jpeg","type":"","width":"","height":""}],"twitter_card":"summary_large_image","twitter_misc":{"Est. reading time":"3 minutes"},"schema":{"@context":"https:\/\/schema.org","@graph":[{"@type":"WebPage","@id":"https:\/\/www.chique.ba\/frizerski-studio\/","url":"https:\/\/www.chique.ba\/frizerski-studio\/","name":"Frizerski Studio - Chique","isPartOf":{"@id":"https:\/\/www.chique.ba\/#website"},"primaryImageOfPage":{"@id":"https:\/\/www.chique.ba\/frizerski-studio\/#primaryimage"},"image":{"@id":"https:\/\/www.chique.ba\/frizerski-studio\/#primaryimage"},"thumbnailUrl":"https:\/\/www.chique.ba\/wp-content\/uploads\/2023\/08\/IMG_0022-150x150.jpeg","datePublished":"2023-07-17T08:25:55+00:00","dateModified":"2026-04-03T14:15:26+00:00","breadcrumb":{"@id":"https:\/\/www.chique.ba\/frizerski-studio\/#breadcrumb"},"inLanguage":"en-US","potentialAction":[{"@type":"ReadAction","target":["https:\/\/www.chique.ba\/frizerski-studio\/"]}]},{"@type":"ImageObject","inLanguage":"en-US","@id":"https:\/\/www.chique.ba\/frizerski-studio\/#primaryimage","url":"https:\/\/www.chique.ba\/wp-content\/uploads\/2023\/08\/IMG_0022-150x150.jpeg","contentUrl":"https:\/\/www.chique.ba\/wp-content\/uploads\/2023\/08\/IMG_0022-150x150.jpeg"},{"@type":"BreadcrumbList","@id":"https:\/\/www.chique.ba\/frizerski-studio\/#breadcrumb","itemListElement":[{"@type":"ListItem","position":1,"name":"Home","item":"https:\/\/www.chique.ba\/"},{"@type":"ListItem","position":2,"name":"Frizerski Studio"}]},{"@type":"WebSite","@id":"https:\/\/www.chique.ba\/#website","url":"https:\/\/www.chique.ba\/","name":"Chique","description":"","publisher":{"@id":"https:\/\/www.chique.ba\/#organization"},"potentialAction":[{"@type":"SearchAction","target":{"@type":"EntryPoint","urlTemplate":"https:\/\/www.chique.ba\/?s={search_term_string}"},"query-input":{"@type":"PropertyValueSpecification","valueRequired":true,"valueName":"search_term_string"}}],"inLanguage":"en-US"},{"@type":"Organization","@id":"https:\/\/www.chique.ba\/#organization","name":"Chique","url":"https:\/\/www.chique.ba\/","logo":{"@type":"ImageObject","inLanguage":"en-US","@id":"https:\/\/www.chique.ba\/#\/schema\/logo\/image\/","url":"https:\/\/www.chique.ba\/wp-content\/uploads\/2023\/02\/cropped-CHIQUE-TRANSPARENT-01.png","contentUrl":"https:\/\/www.chique.ba\/wp-content\/uploads\/2023\/02\/cropped-CHIQUE-TRANSPARENT-01.png","width":5333,"height":2063,"caption":"Chique"},"image":{"@id":"https:\/\/www.chique.ba\/#\/schema\/logo\/image\/"}}]}},"_links":{"self":[{"href":"https:\/\/www.chique.ba\/en\/wp-json\/wp\/v2\/pages\/2995","targetHints":{"allow":["GET"]}}],"collection":[{"href":"https:\/\/www.chique.ba\/en\/wp-json\/wp\/v2\/pages"}],"about":[{"href":"https:\/\/www.chique.ba\/en\/wp-json\/wp\/v2\/types\/page"}],"author":[{"embeddable":true,"href":"https:\/\/www.chique.ba\/en\/wp-json\/wp\/v2\/users\/1"}],"replies":[{"embeddable":true,"href":"https:\/\/www.chique.ba\/en\/wp-json\/wp\/v2\/comments?post=2995"}],"version-history":[{"count":45,"href":"https:\/\/www.chique.ba\/en\/wp-json\/wp\/v2\/pages\/2995\/revisions"}],"predecessor-version":[{"id":4380,"href":"https:\/\/www.chique.ba\/en\/wp-json\/wp\/v2\/pages\/2995\/revisions\/4380"}],"wp:attachment":[{"href":"https:\/\/www.chique.ba\/en\/wp-json\/wp\/v2\/media?parent=2995"}],"curies":[{"name":"wp","href":"https:\/\/api.w.org\/{rel}","templated":true}]}}